{"id":2751,"date":"2020-03-20T08:14:04","date_gmt":"2020-03-20T08:14:04","guid":{"rendered":"https:\/\/mtasean.com\/public\/?page_id=2751"},"modified":"2020-04-24T08:42:13","modified_gmt":"2020-04-24T07:42:13","slug":"imprint","status":"publish","type":"page","link":"https:\/\/mtasean.com\/public\/imprint\/","title":{"rendered":"Imprint"},"content":{"rendered":"\n<div class=\"wp-block-rea-paragraph-rea-paragraph-block rea-paragraph-block front\"><div class=\"rea-paragraph-block__content\"><p class=\"content-text\">Published, edited and maintained by:<\/p><\/div><\/div>\n\n\n\n<figure class=\"wp-block-table no-header fixed-width-2\"><table class=\"has-fixed-layout\"><tbody><tr><td>Name of Company:<\/td><td>Gedeon Richter Plc.<\/td><\/tr><tr><td>Seat of the Company:<\/td><td>1103 Budapest, Gy\u00f6mr\u0151i \u00fat 19-21., Hungary<\/td><\/tr><tr><td>Mailing address:<\/td><td>1475 Budapest, P. O. Box 27, Hungary<\/td><\/tr><tr><td>Court of Registration:<\/td><td>Company Court of Budapest-Capital Tribunal<\/td><\/tr><tr><td>Company registration number:<\/td><td>Cg. 01-10-040944<\/td><\/tr><tr><td>Tax No.:<\/td><td>10484878-2-44<\/td><\/tr><tr><td>\u200bEU Community VAT Identification No.<\/td><td>HU 10484878<\/td><\/tr><tr><td>\u200bPhone:<\/td><td>+36 1 431 4000<\/td><\/tr><tr><td>Fax:<\/td><td>+36 1 260 4891<\/td><\/tr><tr><td>E-mail:<\/td><td><a href=\"http:\/\/www.richter.hu\/en-US\/contact\/Pages\/Write%20to%20us.aspx\" rel=\"nofollow noopener\" target=\"_blank\">Contact us<\/a><\/td><\/tr><\/tbody><\/table><\/figure>\n\n\n\n<div class=\"wp-block-rea-paragraph-rea-paragraph-block rea-paragraph-block front\"><div class=\"rea-paragraph-block__content\"><p class=\"content-text\">and<\/p><\/div><\/div>\n\n\n\n<figure class=\"wp-block-table no-header fixed-width-2\"><table class=\"has-fixed-layout\"><tbody><tr><td>Name of Company:<\/td><td>Recordati Industria Chimica e Farmaceutica S.p.A.<\/td><\/tr><tr><td>Seat of the Company:<\/td><td>Via M. CIVITALI, 1 &#8211; 20148 Milano, Italy<\/td><\/tr><tr><td>Mailing address:<\/td><td><a href=\"mailto:recordati@pec.recordati.it\">recordati@pec.recordati.it<\/a><\/td><\/tr><tr><td>Court of Registration:<\/td><td>Camera di Commercio Milano Monza Brianza e Lodi (Registro Imprese)<\/td><\/tr><tr><td>Company registration number:<\/td><td>00748210150<\/td><\/tr><tr><td>Tax No.:<\/td><td>00748210150<\/td><\/tr><tr><td>\u200bEU Community VAT Identification No.<\/td><td>IT 00748210150<\/td><\/tr><tr><td>\u200bPhone:<\/td><td>+39 02 487871<\/td><\/tr><tr><td>Fax:<\/td><td>+39 02 40073747<\/td><\/tr><tr><td>E-mail:<\/td><td><a href=\"https:\/\/www.recordati.com\/en\/about_us\/contacts\/\" rel=\"nofollow noopener\" target=\"_blank\">Contact us<\/a><\/td><\/tr><\/tbody><\/table><\/figure>\n\n\n\n<div class=\"wp-block-rea-paragraph-rea-paragraph-block rea-paragraph-block front\"><div class=\"rea-paragraph-block__content\"><p class=\"content-text\">Hosting provider:<\/p><\/div><\/div>\n\n\n\n<figure class=\"wp-block-table no-header fixed-width-2\"><table class=\"\"><tbody><tr><td><strong>Name of Company:<\/strong><\/td><td>Amarone Ltd.<\/td><\/tr><tr><td><strong>Seat of Company:<\/strong><\/td><td>1142 Budapest, Erzs\u00e9bet kir\u00e1lyn\u00e9 \u00fatja 112. fszt. 1-13., Hungary<\/td><\/tr><tr><td><strong>Branch Offices:<\/strong><\/td><td>4026 Debrecen, Csemete u. 20., Hungary<br><br>4032 Debrecen, F\u00fcredi \u00fat 18. 1. em. 2., Hungary<\/td><\/tr><tr><td><strong>\u200bPhone:<\/strong><\/td><td>+36 1 422-1634<\/td><\/tr><tr><td><strong>Fax:<\/strong><\/td><td>+36 1 422-1633<\/td><\/tr><tr><td><strong>E-mail:<\/strong><\/td><td>info@amarone.hu<\/td><\/tr><\/tbody><\/table><\/figure>\n<div class=\"wp-block-rea-title-rea-title-block rea-title-block front rea-share-block\" style=\"margin-bottom:30px;text-align:center;\">\n\t\t<div class=\"\">\n\t\t\t<span style=\"display:block;margin-bottom:10px;font-size:20px;\">Share<\/span>\n\t\t\t<a href=\"https:\/\/www.facebook.com\/sharer\/sharer.php?u=https:\/\/mtasean.com\/public\/wp-json\/wp\/v2\/pages\/2751\" class=\"facebook-share\" target=\"_blank\"><\/a>\n\t\t\t<a href=\"https:\/\/www.linkedin.com\/shareArticle?mini=true&#038;url=https:\/\/mtasean.com\/public\/wp-json\/wp\/v2\/pages\/2751\" class=\"linkedin-share\" target=\"_blank\"><\/a>\n\t\t<\/div>\n\t<\/div>","protected":false},"excerpt":{"rendered":"<p>Name of Company: Gedeon Richter Plc. Seat of the Company: 1103 Budapest, Gy\u00f6mr\u0151i \u00fat 19-21., Hungary Mailing address: 1475 Budapest, P. O. Box 27, Hungary Court of Registration: Company Court of Budapest-Capital Tribunal Company registration number: Cg. 01-10-040944 Tax No.: 10484878-2-44 \u200bEU Community VAT Identification No. HU 10484878 \u200bPhone: +36 1 431 4000 Fax: +36 [&hellip;]<\/p>\n","protected":false},"author":1,"featured_media":0,"parent":0,"menu_order":0,"comment_status":"closed","ping_status":"closed","template":"","meta":{"rea_page_title_signed_in_meta_block_field":"","rea_page_title_signed_out_meta_block_field":"","rea_page_description_signed_in_meta_block_field":"","rea_page_description_signed_out_meta_block_field":"","rea_page_footer_id_meta_block_field":"","rea_page_footer_date_meta_block_field":"","footnotes":""},"class_list":["post-2751","page","type-page","status-publish","hentry"],"acf":[],"_links":{"self":[{"href":"https:\/\/mtasean.com\/public\/wp-json\/wp\/v2\/pages\/2751","targetHints":{"allow":["GET"]}}],"collection":[{"href":"https:\/\/mtasean.com\/public\/wp-json\/wp\/v2\/pages"}],"about":[{"href":"https:\/\/mtasean.com\/public\/wp-json\/wp\/v2\/types\/page"}],"author":[{"embeddable":true,"href":"https:\/\/mtasean.com\/public\/wp-json\/wp\/v2\/users\/1"}],"replies":[{"embeddable":true,"href":"https:\/\/mtasean.com\/public\/wp-json\/wp\/v2\/comments?post=2751"}],"version-history":[{"count":16,"href":"https:\/\/mtasean.com\/public\/wp-json\/wp\/v2\/pages\/2751\/revisions"}],"predecessor-version":[{"id":2860,"href":"https:\/\/mtasean.com\/public\/wp-json\/wp\/v2\/pages\/2751\/revisions\/2860"}],"wp:attachment":[{"href":"https:\/\/mtasean.com\/public\/wp-json\/wp\/v2\/media?parent=2751"}],"curies":[{"name":"wp","href":"https:\/\/api.w.org\/{rel}","templated":true}]}}